{"id":7,"date":"2017-09-27T22:17:28","date_gmt":"2017-09-27T22:17:28","guid":{"rendered":"http:\/\/fotografiaanaloga.com\/neozet\/?page_id=2"},"modified":"2023-09-22T17:10:50","modified_gmt":"2023-09-22T20:10:50","slug":"pagina-ejemplo-2","status":"publish","type":"page","link":"https:\/\/www.neozet.com\/","title":{"rendered":"Home"},"content":{"rendered":"<div id=\"pl-2\" class=\"panel-layout\">\n<div id=\"pg-2-0\" class=\"panel-grid panel-no-style\">\n<div id=\"pgc-2-0-0\" class=\"panel-grid-cell\" data-weight=\"1\">\n<div id=\"panel-2-0-0-0\" class=\"so-panel widget widget_sow-editor panel-first-child panel-last-child\" data-index=\"0\" data-style=\"{&quot;background_display&quot;:&quot;tile&quot;}\">\n<div class=\"so-widget-sow-editor so-widget-sow-editor-base\">\n<h1 id=\"hacemos\"><strong>Qu\u00e9 Hacemos<\/strong><\/h1>\n<p style=\"text-align: justify;\"><strong><strong>NeoZet<\/strong> nace el 2010 con una profunda convicci\u00f3n de ser un actor relevante y l\u00edder en \u00e1mbitos estrat\u00e9gicos como lo es la <strong>gesti\u00f3n de energ\u00eda<\/strong>. El sello innovador, de proceso y tecnol\u00f3gico lo hemos logrado en conjunto con nuestros colaboradores y sobre todo gracias a nuestros clientes que han confiado en aquello.<\/strong><\/p>\n<p style=\"text-align: justify;\">Nuestras principales metodolog\u00edas y plataformas desarrolladas son la mejor muestra de lo que somos y como lo hacemos:<\/p>\n<p><\/br><\/p>\n<ul>\n<li style=\"text-align: justify;\"><strong>Sigge<\/strong>, <strong>Sistema integral de gesti\u00f3n de la generaci\u00f3n de energ\u00eda<\/strong>, nos ha permitido construir un ecosistema de valioso aporte para la industria y que esperamos contin\u00fae creciendo. Actualmente estamos con proyectos y actividades en Chile y Per\u00fa.<\/li>\n<li style=\"text-align: justify;\"><strong>Mov-Ener<\/strong>, <strong>Plataforma de administraci\u00f3n y gesti\u00f3n de la energ\u00eda<\/strong> es un complemento especializado para la industria el\u00e9ctrica en constantes cambios, grandes cantidades de datos hist\u00f3ricos, distintas fuentes de origen de informaci\u00f3n y de alta complejidad entre las principales caracter\u00edsticas.<\/li>\n<\/ul>\n<\/div>\n<\/div>\n<\/div>\n<\/div>\n<\/div>\n<p><\/br><\/p>\n<div id=\"pl-2\" class=\"panel-layout\">\n<div id=\"pg-2-0\" class=\"panel-grid panel-no-style\">\n<div id=\"pgc-2-0-0\" class=\"panel-grid-cell\" data-weight=\"1\">\n<div id=\"panel-2-0-0-0\" class=\"so-panel widget widget_sow-editor panel-first-child panel-last-child\" data-index=\"0\" data-style=\"{&quot;background_display&quot;:&quot;tile&quot;}\">\n<h1 id=\"sigge\"><strong>Sigge<\/strong><\/h1>\n<p style=\"text-align: justify;\"><b>SIGGE<\/b> es una Metodolog\u00eda y Plataforma Integral para los <b>Generadores<\/b>,\u00a0<b>Transmisores<\/b>,\u00a0<b>Distribuidores<\/b>,\u00a0<b>Comercializadores<\/b>\u00a0y\u00a0<b>Clientes Finales<\/b>\u00a0del sistema el\u00e9ctrico nacional (Chileno y Peruano), que permite entre otras cosas controlar la gesti\u00f3n asociada a la inyecci\u00f3n-retiro de energ\u00eda y precios, carga y revisi\u00f3n de balances de transferencias, control de ingresos y egresos, trazabilidad de la facturaci\u00f3n y pagos con diferentes procesos de control internos y externos a trav\u00e9s de integraciones y soluciones sist\u00e9micas, que mejoran y reducen los tiempos de procesamiento, as\u00ed como facturar y pagar lo que efectivamente corresponde.<br \/>\nA trav\u00e9s de sus m\u00faltiples m\u00f3dulos es posible customizar diferentes alcances o versiones del sistema que se ofrecen como SaaS (Software as a Service):<\/p>\n<p><img decoding=\"async\" loading=\"lazy\" class=\"wp-image-545 aligncenter\" src=\"https:\/\/www.neozet.com\/wp-content\/uploads\/2023\/09\/sigge_descripcion-300x97.png\" alt=\"\" width=\"862\" height=\"279\" srcset=\"https:\/\/www.neozet.com\/wp-content\/uploads\/2023\/09\/sigge_descripcion-300x97.png 300w, https:\/\/www.neozet.com\/wp-content\/uploads\/2023\/09\/sigge_descripcion-1024x333.png 1024w, https:\/\/www.neozet.com\/wp-content\/uploads\/2023\/09\/sigge_descripcion-768x249.png 768w, https:\/\/www.neozet.com\/wp-content\/uploads\/2023\/09\/sigge_descripcion-1536x499.png 1536w, https:\/\/www.neozet.com\/wp-content\/uploads\/2023\/09\/sigge_descripcion.png 1866w\" sizes=\"(max-width: 862px) 100vw, 862px\" \/><\/p>\n<div class=\"so-widget-sow-editor so-widget-sow-editor-base\">\n<h5 id=\"ne\" style=\"font-size: 1px; color: #fff; line-height: 48px;\">.<\/h5>\n<h1><strong>Nuestro Equipo<\/strong><\/h1>\n<p style=\"text-align: justify;\">Contamos<strong> con un equipo de 30 profesionales multidisciplinarios <\/strong>que nos permite apoyar a los diferentes actores del sector energ\u00e9tico local y regional en una industria altamente compleja, cambiante y especializada<strong>. <\/strong><\/p>\n<p style=\"text-align: justify;\">Desde el<strong> a\u00f1o 1998 <\/strong>que dos de los principales ejecutivos de Neozet, <a href=\"https:\/\/www.linkedin.com\/in\/xalexchile\/\"><b>Alexis Mu\u00f1oz<\/b><\/a>\u00a0y\u00a0<b><a href=\"https:\/\/www.linkedin.com\/in\/luis-loyola-fuentes-37907518\/\">Luis Loyola<\/a>,<\/b> trabajan en el sector energ\u00e9tico local en \u00e1reas comerciales, t\u00e9cnicas, regulatorias y tarifarias en importantes empresas el\u00e9ctricas para luego en el a\u00f1o 2010 formalizar este nuevo desaf\u00edo.<\/p>\n<p>Para m\u00e1s informaci\u00f3n nos pueden seguir en <a href=\"https:\/\/www.linkedin.com\/company\/neozet\/\"><strong>linkedin<\/strong><\/a><strong>.<\/strong><\/p>\n<h5 style=\"font-size: 1px; color: #fff; line-height: 48px;\">.<\/h5>\n<h1 id=\"ubica\"><strong>Ubicaci\u00f3n e Infraestructura<\/strong><\/h1>\n<p><strong>NeoZet<\/strong>\u00a0se encuentra ubicado en el Edificio Team Office del sector de Providencia.<\/p>\n<p>Guardia Vieja 202, Oficina 1104, Piso 11, Providencia, Chile<br \/>\nT: +562-2664 4112\u00a0\u00a0+562-2664 3945<br \/>\nE:\u00a0<a class=\"textoLink\" href=\"mailto:chile@neozet.com\">chile@neozet.com<\/a><\/p>\n<p>E: <a href=\"mailto:peru@neozet.com\">peru@neozet.com<\/a><\/p>\n<\/div>\n<\/div>\n<\/div>\n<\/div>\n<\/div>\n","protected":false},"excerpt":{"rendered":"<p>Qu\u00e9 Hacemos NeoZet nace el 2010 con una profunda convicci\u00f3n de ser un actor relevante y l\u00edder en \u00e1mbitos estrat\u00e9gicos como lo es la gesti\u00f3n de energ\u00eda. El sello innovador, de proceso y tecnol\u00f3gico lo hemos logrado en conjunto con nuestros colaboradores y sobre todo gracias a nuestros clientes que&#8230;<\/p>\n","protected":false},"author":5,"featured_media":221,"parent":0,"menu_order":0,"comment_status":"closed","ping_status":"closed","template":"","meta":{"footnotes":""},"_links":{"self":[{"href":"https:\/\/www.neozet.com\/index.php\/wp-json\/wp\/v2\/pages\/7"}],"collection":[{"href":"https:\/\/www.neozet.com\/index.php\/wp-json\/wp\/v2\/pages"}],"about":[{"href":"https:\/\/www.neozet.com\/index.php\/wp-json\/wp\/v2\/types\/page"}],"author":[{"embeddable":true,"href":"https:\/\/www.neozet.com\/index.php\/wp-json\/wp\/v2\/users\/5"}],"replies":[{"embeddable":true,"href":"https:\/\/www.neozet.com\/index.php\/wp-json\/wp\/v2\/comments?post=7"}],"version-history":[{"count":122,"href":"https:\/\/www.neozet.com\/index.php\/wp-json\/wp\/v2\/pages\/7\/revisions"}],"predecessor-version":[{"id":599,"href":"https:\/\/www.neozet.com\/index.php\/wp-json\/wp\/v2\/pages\/7\/revisions\/599"}],"wp:featuredmedia":[{"embeddable":true,"href":"https:\/\/www.neozet.com\/index.php\/wp-json\/wp\/v2\/media\/221"}],"wp:attachment":[{"href":"https:\/\/www.neozet.com\/index.php\/wp-json\/wp\/v2\/media?parent=7"}],"curies":[{"name":"wp","href":"https:\/\/api.w.org\/{rel}","templated":true}]}}